{"id":1205,"date":"2026-03-10T09:59:46","date_gmt":"2026-03-10T08:59:46","guid":{"rendered":"https:\/\/apartmoment.be\/politique-de-confidentialite\/"},"modified":"2026-03-16T15:31:55","modified_gmt":"2026-03-16T14:31:55","slug":"politique-de-confidentialite","status":"publish","type":"page","link":"https:\/\/apartmoment.be\/fr\/politique-de-confidentialite\/","title":{"rendered":"Politique de confidentialit\u00e9<br>"},"content":{"rendered":"\t\t<div data-elementor-type=\"wp-page\" data-elementor-id=\"1205\" class=\"elementor elementor-1205 elementor-3\" data-elementor-settings=\"{&quot;ha_cmc_init_switcher&quot;:&quot;no&quot;}\" data-elementor-post-type=\"page\">\n\t\t\t\t<div class=\"elementor-element elementor-element-27a8a05 e-flex e-con-boxed e-con e-parent\" data-id=\"27a8a05\" data-element_type=\"container\" data-e-type=\"container\" data-settings=\"{&quot;background_background&quot;:&quot;classic&quot;,&quot;_ha_eqh_enable&quot;:false}\">\n\t\t\t\t\t<div class=\"e-con-inner\">\n\t\t\t\t\t<\/div>\n\t\t\t\t<\/div>\n\t\t<div class=\"elementor-element elementor-element-7c6537eb e-flex e-con-boxed e-con e-parent\" data-id=\"7c6537eb\" data-element_type=\"container\" data-e-type=\"container\" data-settings=\"{&quot;_ha_eqh_enable&quot;:false}\">\n\t\t\t\t\t<div class=\"e-con-inner\">\n\t\t\t\t<div class=\"elementor-element elementor-element-acd6540 elementor-widget elementor-widget-heading\" data-id=\"acd6540\" data-element_type=\"widget\" data-e-type=\"widget\" data-widget_type=\"heading.default\">\n\t\t\t\t\t<h2 class=\"elementor-heading-title elementor-size-default\"> Politique de <span style=\"color: #AD9A62\">confidentialit\u00e9<\/span><br><\/h2>\t\t\t\t<\/div>\n\t\t\t\t<div class=\"elementor-element elementor-element-4ea0f9cd elementor-widget elementor-widget-text-editor\" data-id=\"4ea0f9cd\" data-element_type=\"widget\" data-e-type=\"widget\" data-widget_type=\"text-editor.default\">\n\t\t\t\t\t\t\t\t\t\n<p>De Coqisserie, situ\u00e9e Koninklijke Baan 29 \u00e0 8420 De Haan, est responsable du traitement des donn\u00e9es personnelles comme indiqu\u00e9 dans cette d\u00e9claration de confidentialit\u00e9.<\/p>\n<p>Coordonn\u00e9es<\/p>\n<p>https:\/\/www.apartmoment.be<\/p>\n<p>Koninklijke Baan 29 8420 De Haan<\/p>\n<p>+32 (0)59 43 00 43<\/p>\n<p>Vanhi\u00eb Benoit est le d\u00e9l\u00e9gu\u00e9 \u00e0 la protection des donn\u00e9es. Il peut \u00eatre contact\u00e9 via info@apartmoment.be.<\/p>\n<h2>Donn\u00e9es personnelles que nous traitons<br><\/h2>\n<div class=\"option\">De Coqisserie traite tes donn\u00e9es personnelles parce que tu utilises nos services et\/ou parce que tu nous les fournis toi-m\u00eame.<\/div>\n<h2>Donn\u00e9es sensibles ou particuli\u00e8res<br><\/h2>\n<div class=\"option\">Notre site web et\/ou service n&rsquo;a pas pour objectif de collecter des donn\u00e9es concernant les visiteurs du site \u00e2g\u00e9s de moins de 16 ans, sauf s&rsquo;ils ont obtenu l&rsquo;autorisation de leurs parents ou de leur tuteur l\u00e9gal. Cependant, nous ne pouvons pas v\u00e9rifier si un visiteur est \u00e2g\u00e9 de plus de 16 ans. Nous recommandons donc aux parents de s&rsquo;impliquer dans les activit\u00e9s en ligne de leurs enfants afin d&rsquo;\u00e9viter que des donn\u00e9es les concernant ne soient collect\u00e9es sans leur consentement. Si vous \u00eates convaincu que nous avons collect\u00e9 des donn\u00e9es personnelles sur un mineur sans ce consentement, veuillez nous contacter \u00e0 l&rsquo;adresse info@apartmoment.be afin que nous supprimions ces informations.    <\/div>\n<h2>De Coqisserie traite tes donn\u00e9es personnelles pour:<br><\/h2>\n<div class=\"option\">\u2013 envoyer notre newsletter ou des offres promotionnelles<\/div>\n<div class=\"option\">\u2013 te contacter par t\u00e9l\u00e9phone ou e-mail si n\u00e9cessaire pour l\u2019ex\u00e9cution de nos services<\/div>\n<div class=\"option\">\u2013 t\u2019informer des modifications de nos services et produits<\/div>\n<div class=\"option\">\u2013 De Coqisserie analyse ton comportement sur le site afin d\u2019am\u00e9liorer le site et d\u2019adapter l\u2019offre de produits et services \u00e0 tes pr\u00e9f\u00e9rences.<\/div>\n<h2>Dur\u00e9e de conservation des donn\u00e9es personnelles<br><\/h2>\n<p>De Coqisserie ne conserve pas tes donn\u00e9es plus longtemps que n\u00e9cessaire pour atteindre les objectifs pour lesquels elles ont \u00e9t\u00e9 collect\u00e9es.<br> <br><br>5 ans<\/p>\n<h2>Partage des donn\u00e9es personnelles avec des tiers<br><\/h2>\n<div class=\"option\">De Coqisserie partage vos donn\u00e9es personnelles avec diff\u00e9rents tiers lorsque cela est n\u00e9cessaire pour l\u2019ex\u00e9cution du contrat ou afin de respecter une obligation l\u00e9gale.<br>Avec les entreprises qui traitent vos donn\u00e9es en notre nom, nous concluons un accord de sous-traitance afin de garantir un m\u00eame niveau de s\u00e9curit\u00e9 et de confidentialit\u00e9 de vos donn\u00e9es.<br>De Coqisserie reste responsable de ces traitements.<br>Par ailleurs, De Coqisserie ne communique vos donn\u00e9es personnelles \u00e0 d\u2019autres tiers qu\u2019avec votre consentement explicite.    <br><br>Zilt.Design : finalit\u00e9s marketing<\/div>\n<h2>Cookies ou techniques similaires que nous utilisons<\/h2>\n<div class=\"option\">De Coqisserie utilise des cookies fonctionnels, analytiques et de suivi.<br>Un cookie est un petit fichier texte qui est enregistr\u00e9 dans le navigateur de votre ordinateur, tablette ou smartphone lors de votre premi\u00e8re visite sur ce site.<br>De Coqisserie utilise des cookies ayant une fonctionnalit\u00e9 purement technique. Ceux-ci permettent au site de fonctionner correctement et, par exemple, de m\u00e9moriser vos pr\u00e9f\u00e9rences.<br>Ces cookies sont \u00e9galement utilis\u00e9s afin d\u2019assurer le bon fonctionnement du site et de l\u2019optimiser.<br>Nous pla\u00e7ons \u00e9galement des cookies qui suivent votre comportement de navigation afin de pouvoir vous proposer des contenus et des publicit\u00e9s personnalis\u00e9s.     <br><br>Lors de votre premi\u00e8re visite sur notre site, nous vous avons inform\u00e9 de l\u2019utilisation de ces cookies et avons demand\u00e9 votre consentement pour leur placement.<br><br>Vous pouvez d\u00e9sactiver les cookies en configurant votre navigateur internet afin qu\u2019il n\u2019enregistre plus de cookies.<br>Vous pouvez \u00e9galement supprimer toutes les informations pr\u00e9c\u00e9demment enregistr\u00e9es via les param\u00e8tres de votre navigateur. <br><br>Pour plus d\u2019informations : https:\/\/veiliginternetten.nl\/cookies-wat-zijn-het-en-wat-doe-ik-ermee\/<\/div>\n<div class=\"option\">Des cookies peuvent \u00e9galement \u00eatre plac\u00e9s sur ce site par des tiers, tels que des annonceurs et\/ou des entreprises de r\u00e9seaux sociaux. <\/div>\n<p>Aper\u00e7u ci-dessous :<br><br>Cookie : Google Analytics<br>Fonction : cookie analytique mesurant la fr\u00e9quentation du site<br>Dur\u00e9e de conservation : 5 ans<\/p>\n<h2>Consulter, modifier ou supprimer les donn\u00e9es<\/h2>\n<div class=\"option\">Vous avez le droit de consulter, de corriger ou de supprimer vos donn\u00e9es personnelles.<br>Vous avez \u00e9galement le droit de retirer votre consentement au traitement des donn\u00e9es ou de vous opposer au traitement de vos donn\u00e9es personnelles par De Coqisserie, ainsi que le droit \u00e0 la portabilit\u00e9 des donn\u00e9es.<br>Cela signifie que vous pouvez introduire une demande afin que les donn\u00e9es personnelles que nous d\u00e9tenons vous concernant soient envoy\u00e9es dans un fichier informatique \u00e0 vous-m\u00eame ou \u00e0 une organisation que vous aurez d\u00e9sign\u00e9e.  <br><br>Vous pouvez adresser toute demande d\u2019acc\u00e8s, de rectification, de suppression ou de portabilit\u00e9 de vos donn\u00e9es personnelles, ainsi que toute demande de retrait de consentement ou d\u2019opposition au traitement de vos donn\u00e9es personnelles \u00e0 l\u2019adresse suivante : info@apartmoment.be.<br><br>Afin de nous assurer que la demande d\u2019acc\u00e8s a bien \u00e9t\u00e9 introduite par vous, nous vous demandons de joindre une copie de votre pi\u00e8ce d\u2019identit\u00e9 \u00e0 votre demande.<br>Sur cette copie, veuillez rendre illisibles votre photo, la zone MRZ (zone de lecture optique), le num\u00e9ro du document et le num\u00e9ro national.<br>Cette mesure vise \u00e0 prot\u00e9ger votre vie priv\u00e9e.<br>Nous r\u00e9pondrons \u00e0 votre demande dans les meilleurs d\u00e9lais et au plus tard dans un d\u00e9lai de quatre semaines.   <br><br>De Coqisserie souhaite \u00e9galement vous informer que vous avez la possibilit\u00e9 d\u2019introduire une plainte aupr\u00e8s de l\u2019autorit\u00e9 nationale de contr\u00f4le, l\u2019Autorit\u00e9 de protection des donn\u00e9es.<br>Vous pouvez le faire via le lien suivant :<br>https:\/\/autoriteitpersoonsgegevens.nl\/nl\/contact-met-de-autoriteit-persoonsgegevens\/tip-ons <\/div>\n<h2>Comment nous prot\u00e9geons les donn\u00e9es personnelles<\/h2>\n<div class=\"option\">De Coqisserie prend la protection de vos donn\u00e9es tr\u00e8s au s\u00e9rieux et met en place des mesures appropri\u00e9es afin de pr\u00e9venir tout abus, perte, acc\u00e8s non autoris\u00e9, divulgation ou modification non autoris\u00e9e.<br>Si vous avez l\u2019impression que vos donn\u00e9es ne sont pas correctement s\u00e9curis\u00e9es ou qu\u2019il existe des indices d\u2019abus, veuillez contacter notre service client\u00e8le \u00e0 l\u2019adresse info@apartmoment.be. <\/div>\t\t\t\t\t\t\t\t<\/div>\n\t\t\t\t\t<\/div>\n\t\t\t\t<\/div>\n\t\t\t\t<\/div>\n\t\t","protected":false},"excerpt":{"rendered":"<p>Politique de confidentialit\u00e9 De Coqisserie, situ\u00e9e Koninklijke Baan 29 \u00e0 8420 De Haan, est responsable du traitement des donn\u00e9es personnelles comme indiqu\u00e9 dans cette d\u00e9claration de confidentialit\u00e9. Coordonn\u00e9es https:\/\/www.apartmoment.be Koninklijke Baan 29 8420 De Haan +32 (0)59 43 00 43 Vanhi\u00eb Benoit est le d\u00e9l\u00e9gu\u00e9 \u00e0 la protection des donn\u00e9es. Il peut \u00eatre contact\u00e9 via [&hellip;]<\/p>\n","protected":false},"author":1,"featured_media":0,"parent":0,"menu_order":0,"comment_status":"closed","ping_status":"open","template":"elementor_header_footer","meta":{"footnotes":""},"class_list":["post-1205","page","type-page","status-publish","hentry"],"yoast_head":"<!-- This site is optimized with the Yoast SEO plugin v27.5 - https:\/\/yoast.com\/product\/yoast-seo-wordpress\/ -->\n<title>Politique de confidentialit\u00e9 - apartmoment<\/title>\n<meta name=\"robots\" content=\"index, follow, max-snippet:-1, max-image-preview:large, max-video-preview:-1\" \/>\n<link rel=\"canonical\" href=\"https:\/\/apartmoment.be\/fr\/politique-de-confidentialite\/\" \/>\n<meta property=\"og:locale\" content=\"fr_FR\" \/>\n<meta property=\"og:type\" content=\"article\" \/>\n<meta property=\"og:title\" content=\"Politique de confidentialit\u00e9 - apartmoment\" \/>\n<meta property=\"og:description\" content=\"Politique de confidentialit\u00e9 De Coqisserie, situ\u00e9e Koninklijke Baan 29 \u00e0 8420 De Haan, est responsable du traitement des donn\u00e9es personnelles comme indiqu\u00e9 dans cette d\u00e9claration de confidentialit\u00e9. Coordonn\u00e9es https:\/\/www.apartmoment.be Koninklijke Baan 29 8420 De Haan +32 (0)59 43 00 43 Vanhi\u00eb Benoit est le d\u00e9l\u00e9gu\u00e9 \u00e0 la protection des donn\u00e9es. Il peut \u00eatre contact\u00e9 via [&hellip;]\" \/>\n<meta property=\"og:url\" content=\"https:\/\/apartmoment.be\/fr\/politique-de-confidentialite\/\" \/>\n<meta property=\"og:site_name\" content=\"apartmoment\" \/>\n<meta property=\"article:modified_time\" content=\"2026-03-16T14:31:55+00:00\" \/>\n<meta name=\"twitter:card\" content=\"summary_large_image\" \/>\n<meta name=\"twitter:label1\" content=\"Dur\u00e9e de lecture estim\u00e9e\" \/>\n\t<meta name=\"twitter:data1\" content=\"5 minutes\" \/>\n<script type=\"application\/ld+json\" class=\"yoast-schema-graph\">{\"@context\":\"https:\\\/\\\/schema.org\",\"@graph\":[{\"@type\":\"WebPage\",\"@id\":\"https:\\\/\\\/apartmoment.be\\\/fr\\\/politique-de-confidentialite\\\/\",\"url\":\"https:\\\/\\\/apartmoment.be\\\/fr\\\/politique-de-confidentialite\\\/\",\"name\":\"Politique de confidentialit\u00e9 - apartmoment\",\"isPartOf\":{\"@id\":\"https:\\\/\\\/apartmoment.be\\\/fr\\\/#website\"},\"datePublished\":\"2026-03-10T08:59:46+00:00\",\"dateModified\":\"2026-03-16T14:31:55+00:00\",\"breadcrumb\":{\"@id\":\"https:\\\/\\\/apartmoment.be\\\/fr\\\/politique-de-confidentialite\\\/#breadcrumb\"},\"inLanguage\":\"fr-FR\",\"potentialAction\":[{\"@type\":\"ReadAction\",\"target\":[\"https:\\\/\\\/apartmoment.be\\\/fr\\\/politique-de-confidentialite\\\/\"]}]},{\"@type\":\"BreadcrumbList\",\"@id\":\"https:\\\/\\\/apartmoment.be\\\/fr\\\/politique-de-confidentialite\\\/#breadcrumb\",\"itemListElement\":[{\"@type\":\"ListItem\",\"position\":1,\"name\":\"Home\",\"item\":\"https:\\\/\\\/apartmoment.be\\\/fr\\\/\"},{\"@type\":\"ListItem\",\"position\":2,\"name\":\"Politique de confidentialit\u00e9\"}]},{\"@type\":\"WebSite\",\"@id\":\"https:\\\/\\\/apartmoment.be\\\/fr\\\/#website\",\"url\":\"https:\\\/\\\/apartmoment.be\\\/fr\\\/\",\"name\":\"apartmoment\",\"description\":\"\",\"potentialAction\":[{\"@type\":\"SearchAction\",\"target\":{\"@type\":\"EntryPoint\",\"urlTemplate\":\"https:\\\/\\\/apartmoment.be\\\/fr\\\/?s={search_term_string}\"},\"query-input\":{\"@type\":\"PropertyValueSpecification\",\"valueRequired\":true,\"valueName\":\"search_term_string\"}}],\"inLanguage\":\"fr-FR\"}]}<\/script>\n<!-- \/ Yoast SEO plugin. -->","yoast_head_json":{"title":"Politique de confidentialit\u00e9 - apartmoment","robots":{"index":"index","follow":"follow","max-snippet":"max-snippet:-1","max-image-preview":"max-image-preview:large","max-video-preview":"max-video-preview:-1"},"canonical":"https:\/\/apartmoment.be\/fr\/politique-de-confidentialite\/","og_locale":"fr_FR","og_type":"article","og_title":"Politique de confidentialit\u00e9 - apartmoment","og_description":"Politique de confidentialit\u00e9 De Coqisserie, situ\u00e9e Koninklijke Baan 29 \u00e0 8420 De Haan, est responsable du traitement des donn\u00e9es personnelles comme indiqu\u00e9 dans cette d\u00e9claration de confidentialit\u00e9. Coordonn\u00e9es https:\/\/www.apartmoment.be Koninklijke Baan 29 8420 De Haan +32 (0)59 43 00 43 Vanhi\u00eb Benoit est le d\u00e9l\u00e9gu\u00e9 \u00e0 la protection des donn\u00e9es. Il peut \u00eatre contact\u00e9 via [&hellip;]","og_url":"https:\/\/apartmoment.be\/fr\/politique-de-confidentialite\/","og_site_name":"apartmoment","article_modified_time":"2026-03-16T14:31:55+00:00","twitter_card":"summary_large_image","twitter_misc":{"Dur\u00e9e de lecture estim\u00e9e":"5 minutes"},"schema":{"@context":"https:\/\/schema.org","@graph":[{"@type":"WebPage","@id":"https:\/\/apartmoment.be\/fr\/politique-de-confidentialite\/","url":"https:\/\/apartmoment.be\/fr\/politique-de-confidentialite\/","name":"Politique de confidentialit\u00e9 - apartmoment","isPartOf":{"@id":"https:\/\/apartmoment.be\/fr\/#website"},"datePublished":"2026-03-10T08:59:46+00:00","dateModified":"2026-03-16T14:31:55+00:00","breadcrumb":{"@id":"https:\/\/apartmoment.be\/fr\/politique-de-confidentialite\/#breadcrumb"},"inLanguage":"fr-FR","potentialAction":[{"@type":"ReadAction","target":["https:\/\/apartmoment.be\/fr\/politique-de-confidentialite\/"]}]},{"@type":"BreadcrumbList","@id":"https:\/\/apartmoment.be\/fr\/politique-de-confidentialite\/#breadcrumb","itemListElement":[{"@type":"ListItem","position":1,"name":"Home","item":"https:\/\/apartmoment.be\/fr\/"},{"@type":"ListItem","position":2,"name":"Politique de confidentialit\u00e9"}]},{"@type":"WebSite","@id":"https:\/\/apartmoment.be\/fr\/#website","url":"https:\/\/apartmoment.be\/fr\/","name":"apartmoment","description":"","potentialAction":[{"@type":"SearchAction","target":{"@type":"EntryPoint","urlTemplate":"https:\/\/apartmoment.be\/fr\/?s={search_term_string}"},"query-input":{"@type":"PropertyValueSpecification","valueRequired":true,"valueName":"search_term_string"}}],"inLanguage":"fr-FR"}]}},"_links":{"self":[{"href":"https:\/\/apartmoment.be\/fr\/wp-json\/wp\/v2\/pages\/1205","targetHints":{"allow":["GET"]}}],"collection":[{"href":"https:\/\/apartmoment.be\/fr\/wp-json\/wp\/v2\/pages"}],"about":[{"href":"https:\/\/apartmoment.be\/fr\/wp-json\/wp\/v2\/types\/page"}],"author":[{"embeddable":true,"href":"https:\/\/apartmoment.be\/fr\/wp-json\/wp\/v2\/users\/1"}],"replies":[{"embeddable":true,"href":"https:\/\/apartmoment.be\/fr\/wp-json\/wp\/v2\/comments?post=1205"}],"version-history":[{"count":1,"href":"https:\/\/apartmoment.be\/fr\/wp-json\/wp\/v2\/pages\/1205\/revisions"}],"predecessor-version":[{"id":1206,"href":"https:\/\/apartmoment.be\/fr\/wp-json\/wp\/v2\/pages\/1205\/revisions\/1206"}],"wp:attachment":[{"href":"https:\/\/apartmoment.be\/fr\/wp-json\/wp\/v2\/media?parent=1205"}],"curies":[{"name":"wp","href":"https:\/\/api.w.org\/{rel}","templated":true}]}}